{"id":375,"date":"2026-04-16T23:15:10","date_gmt":"2026-04-16T21:15:10","guid":{"rendered":"https:\/\/www.midtownlindyhop.se\/?page_id=375"},"modified":"2026-04-16T23:22:00","modified_gmt":"2026-04-16T21:22:00","slug":"bli-medlem","status":"publish","type":"page","link":"https:\/\/www.midtownlindyhop.se\/?page_id=375","title":{"rendered":"Bli medlem"},"content":{"rendered":"\n<div class=\"wp-block-group alignfull has-accent-background-color has-background has-global-padding is-layout-constrained wp-container-core-group-is-layout-669513ed wp-block-group-is-layout-constrained\" style=\"margin-top:0;margin-bottom:0;padding-top:var(--wp--preset--spacing--50);padding-right:var(--wp--preset--spacing--50);padding-bottom:var(--wp--preset--spacing--50);padding-left:var(--wp--preset--spacing--50)\">\n<p class=\"has-heading-font-family has-x-large-font-size\" style=\"line-height:1.2\">Medlemskap i f\u00f6reningen ing\u00e5r i terminsavgiften f\u00f6r v\u00e5ra kurser (ej helg- eller endagskurser).<\/p>\n\n\n\n<div class=\"wp-block-columns alignwide is-layout-flex wp-container-core-columns-is-layout-1da03c2a wp-block-columns-is-layout-flex\">\n<div class=\"wp-block-column is-vertically-aligned-stretch is-layout-flow wp-block-column-is-layout-flow\" style=\"flex-basis:50%\">\n<div class=\"wp-block-group is-vertical is-content-justification-stretch is-layout-flex wp-container-core-group-is-layout-444d5ee8 wp-block-group-is-layout-flex\" style=\"min-height:100%\">\n<div class=\"wp-block-group has-global-padding is-content-justification-left is-layout-constrained wp-container-core-group-is-layout-9fe8ed88 wp-block-group-is-layout-constrained\">\n<p class=\"wp-container-content-0733e5d0\">Vill du bli medlem utan att g\u00e5 kurs kostar det 100:- per termin. F\u00f6rutom att st\u00f6dja f\u00f6reningen f\u00e5r du som medlem b\u00e4ttre priser p\u00e5 v\u00e5ra event. <\/p>\n\n\n\n<p class=\"wp-container-content-0733e5d0\">F\u00f6r att bli medlem betalar du avgiften till v\u00e5rt plusgiro eller swish. Ange fullst\u00e4ndigt namn och e-postadress som meddelande. <\/p>\n\n\n\n<p>Plusgiro: 30 64 61-5<\/p>\n\n\n\n<p class=\"wp-container-content-0733e5d0\">Swish: 123 513 83 00<br><br>Meddelande: [Fullst\u00e4ndigt namn och e-postadress]<br><br>Om fullst\u00e4ndigt namn och e-postadress inte f\u00e5r plats i meddelandet, skicka dem som ett e-post till&nbsp;kassor@midtownlindyhop.se.<\/p>\n<\/div>\n<\/div>\n<\/div>\n\n\n\n<div class=\"wp-block-column is-vertically-aligned-center is-layout-flow wp-block-column-is-layout-flow\" style=\"flex-basis:50%\">\n<figure class=\"wp-block-image size-full is-resized\"><img loading=\"lazy\" decoding=\"async\" width=\"625\" height=\"945\" src=\"https:\/\/www.midtownlindyhop.se\/wp-content\/uploads\/2026\/04\/swish-QR-small.png\" alt=\"\" class=\"wp-image-378\" style=\"aspect-ratio:0.6613733625877088;width:246px;height:auto\" srcset=\"https:\/\/www.midtownlindyhop.se\/wp-content\/uploads\/2026\/04\/swish-QR-small.png 625w, https:\/\/www.midtownlindyhop.se\/wp-content\/uploads\/2026\/04\/swish-QR-small-198x300.png 198w\" sizes=\"auto, (max-width: 625px) 100vw, 625px\" \/><\/figure>\n<\/div>\n<\/div>\n\n\n\n<figure class=\"wp-block-image size-full\"><img loading=\"lazy\" decoding=\"async\" width=\"736\" height=\"779\" src=\"https:\/\/www.midtownlindyhop.se\/wp-content\/uploads\/2025\/10\/21765238_1126700560794085_5163439811334910693_n.jpg\" alt=\"\" class=\"wp-image-240\" srcset=\"https:\/\/www.midtownlindyhop.se\/wp-content\/uploads\/2025\/10\/21765238_1126700560794085_5163439811334910693_n.jpg 736w, https:\/\/www.midtownlindyhop.se\/wp-content\/uploads\/2025\/10\/21765238_1126700560794085_5163439811334910693_n-283x300.jpg 283w\" sizes=\"auto, (max-width: 736px) 100vw, 736px\" \/><\/figure>\n<\/div>\n","protected":false},"excerpt":{"rendered":"<p>Medlemskap i f\u00f6reningen ing\u00e5r i terminsavgiften f\u00f6r v\u00e5ra kurser (ej helg- eller endagskurser). Vill du bli medlem utan att g\u00e5 kurs kostar det 100:- per termin. F\u00f6rutom att st\u00f6dja f\u00f6reningen f\u00e5r du som medlem b\u00e4ttre priser p\u00e5 v\u00e5ra event. F\u00f6r att bli medlem betalar du avgiften till v\u00e5rt plusgiro eller swish. Ange fullst\u00e4ndigt namn och [&hellip;]<\/p>\n","protected":false},"author":1,"featured_media":0,"parent":0,"menu_order":0,"comment_status":"closed","ping_status":"closed","template":"","meta":{"inline_featured_image":false,"footnotes":""},"class_list":["post-375","page","type-page","status-publish","hentry"],"_links":{"self":[{"href":"https:\/\/www.midtownlindyhop.se\/index.php?rest_route=\/wp\/v2\/pages\/375","targetHints":{"allow":["GET"]}}],"collection":[{"href":"https:\/\/www.midtownlindyhop.se\/index.php?rest_route=\/wp\/v2\/pages"}],"about":[{"href":"https:\/\/www.midtownlindyhop.se\/index.php?rest_route=\/wp\/v2\/types\/page"}],"author":[{"embeddable":true,"href":"https:\/\/www.midtownlindyhop.se\/index.php?rest_route=\/wp\/v2\/users\/1"}],"replies":[{"embeddable":true,"href":"https:\/\/www.midtownlindyhop.se\/index.php?rest_route=%2Fwp%2Fv2%2Fcomments&post=375"}],"version-history":[{"count":4,"href":"https:\/\/www.midtownlindyhop.se\/index.php?rest_route=\/wp\/v2\/pages\/375\/revisions"}],"predecessor-version":[{"id":382,"href":"https:\/\/www.midtownlindyhop.se\/index.php?rest_route=\/wp\/v2\/pages\/375\/revisions\/382"}],"wp:attachment":[{"href":"https:\/\/www.midtownlindyhop.se\/index.php?rest_route=%2Fwp%2Fv2%2Fmedia&parent=375"}],"curies":[{"name":"wp","href":"https:\/\/api.w.org\/{rel}","templated":true}]}}